{"id":5275,"date":"2014-05-24T13:51:08","date_gmt":"2014-05-24T17:51:08","guid":{"rendered":"http:\/\/wpresidence.net\/?page_id=9"},"modified":"2017-04-25T12:48:07","modified_gmt":"2017-04-25T16:48:07","slug":"terminos-de-uso","status":"publish","type":"page","link":"https:\/\/inmohidroxsol.com\/raices\/terminos-de-uso\/","title":{"rendered":"T\u00e9rminos de Uso"},"content":{"rendered":"<p style=\"text-align: justify;\">Esta Pol\u00edtica de Privacidad rige la forma en que <strong>bienesraices.herasmemedina.com<\/strong>\u00a0recopila, utiliza, mantiene y divulga informaci\u00f3n recopilada de los usuarios (cada uno, un \u201cUsuario\u201d) del sitio web (\u201cSitio\u201d). Esta pol\u00edtica de privacidad se aplica al Sitio y todos los productos y servicios ofrecidos por Herasme Medina &amp; Asociados \u2013 Abogados.<\/p>\n<p style=\"text-align: justify;\"><strong>Informaci\u00f3n de identificaci\u00f3n personal<\/strong><\/p>\n<p style=\"text-align: justify;\">Podemos recopilar informaci\u00f3n de identificaci\u00f3n personal de los Usuarios de diversas maneras en relaci\u00f3n con las actividades, servicios, caracter\u00edsticas o recursos que ponemos a disposici\u00f3n en nuestro Sitio. Los usuarios pueden visitar nuestro Sitio an\u00f3nimamente. Recopilaremos la informaci\u00f3n de identificaci\u00f3n personal de los Usuarios solamente si voluntariamente nos env\u00edan dicha informaci\u00f3n. Los usuarios siempre pueden negarse a proporcionar informaci\u00f3n de identificaci\u00f3n personal, excepto que puede impedirles participar en ciertas actividades relacionadas con el Sitio.<\/p>\n<p style=\"text-align: justify;\"><strong>Informaci\u00f3n de identificaci\u00f3n no personal<\/strong><\/p>\n<p style=\"text-align: justify;\">Podemos recopilar informaci\u00f3n de identificaci\u00f3n no personal sobre los Usuarios siempre que interact\u00faen con nuestro Sitio. La informaci\u00f3n de identificaci\u00f3n no personal puede incluir el nombre del navegador, el tipo de computadora y la informaci\u00f3n t\u00e9cnica sobre los medios de conexi\u00f3n a nuestro sitio, como el sistema operativo y los proveedores de servicios de Internet utilizados y otra informaci\u00f3n similar.<\/p>\n<p style=\"text-align: justify;\"><strong>Cookies del navegador web<\/strong><\/p>\n<p style=\"text-align: justify;\">Nuestro Sitio puede usar \u201ccookies\u201d para mejorar la experiencia del Usuario. El navegador web del usuario coloca las cookies en su disco duro para fines de mantenimiento de registros ya veces para rastrear informaci\u00f3n sobre ellas. El usuario puede elegir configurar su navegador web para rechazar las cookies o para avisarle cuando se env\u00edan las cookies. Si lo hacen, tenga en cuenta que algunas partes del Sitio pueden no funcionar correctamente.<\/p>\n<p style=\"text-align: justify;\"><strong>C\u00f3mo protegemos su informaci\u00f3n<\/strong><\/p>\n<p style=\"text-align: justify;\">Adoptamos pr\u00e1cticas adecuadas de recopilaci\u00f3n, almacenamiento y procesamiento de datos y medidas de seguridad para proteger contra el acceso no autorizado, alteraci\u00f3n, divulgaci\u00f3n o destrucci\u00f3n de su informaci\u00f3n personal, nombre de usuario, contrase\u00f1a, informaci\u00f3n de transacci\u00f3n y datos almacenados en nuestro Sitio.<\/p>\n<p style=\"text-align: justify;\"><strong>C\u00f3mo compartir su informaci\u00f3n personal<\/strong><\/p>\n<p style=\"text-align: justify;\">No vendemos, comerciamos ni alquilamos la informaci\u00f3n de identificaci\u00f3n personal de los Usuarios a terceros. Podemos compartir informaci\u00f3n demogr\u00e1fica agregada gen\u00e9rica no vinculada a ninguna informaci\u00f3n de identificaci\u00f3n personal con respecto a visitantes y usuarios con nuestros socios de negocios, afiliados de confianza y anunciantes para los prop\u00f3sitos descritos anteriormente.<\/p>\n<p style=\"text-align: justify;\"><strong>Cambios en esta pol\u00edtica de privacidad<\/strong><\/p>\n<p style=\"text-align: justify;\">Herasme Medina &amp; Asociados \u2013 Abogados,\u00a0tiene la discreci\u00f3n de actualizar esta pol\u00edtica de privacidad en cualquier momento. Cuando lo hagamos, revisaremos la fecha actualizada al final de esta p\u00e1gina. Animamos a los Usuarios a revisar frecuentemente esta p\u00e1gina para cualquier cambio para mantenerse informado sobre c\u00f3mo estamos ayudando a proteger la informaci\u00f3n personal que recopilamos. Usted reconoce y acepta que es su responsabilidad revisar esta pol\u00edtica de privacidad peri\u00f3dicamente y tomar conocimiento de las modificaciones.<\/p>\n<p style=\"text-align: justify;\"><strong>Su aceptaci\u00f3n de estos t\u00e9rminos<\/strong><\/p>\n<p style=\"text-align: justify;\">El uso de este Sitio, significa su aceptaci\u00f3n de esta pol\u00edtica. Si no est\u00e1 de acuerdo con esta pol\u00edtica, no utilice nuestro sitio. Su uso continuado del Sitio tras la publicaci\u00f3n de cambios en esta pol\u00edtica se considerar\u00e1 su aceptaci\u00f3n de dichos cambios.<\/p>\n","protected":false},"excerpt":{"rendered":"<p>Esta Pol\u00edtica de Privacidad rige la forma en que bienesraices.herasmemedina.com\u00a0recopila, utiliza, mantiene y divulga informaci\u00f3n recopilada de los usuarios (cada uno, un \u201cUsuario\u201d) del sitio web (\u201cSitio\u201d). Esta pol\u00edtica de privacidad se aplica al Sitio y todos los productos y servicios ofrecidos por Herasme Medina &amp; Asociados \u2013 Abogados. Informaci\u00f3n de identificaci\u00f3n personal Podemos recopilar informaci\u00f3n de identificaci\u00f3n personal de los Usuarios de diversas &#8230;<\/p>\n","protected":false},"author":1,"featured_media":0,"parent":0,"menu_order":0,"comment_status":"closed","ping_status":"closed","template":"terms_conditions.php","meta":[],"_links":{"self":[{"href":"https:\/\/inmohidroxsol.com\/raices\/wp-json\/wp\/v2\/pages\/5275"}],"collection":[{"href":"https:\/\/inmohidroxsol.com\/raices\/wp-json\/wp\/v2\/pages"}],"about":[{"href":"https:\/\/inmohidroxsol.com\/raices\/wp-json\/wp\/v2\/types\/page"}],"author":[{"embeddable":true,"href":"https:\/\/inmohidroxsol.com\/raices\/wp-json\/wp\/v2\/users\/1"}],"replies":[{"embeddable":true,"href":"https:\/\/inmohidroxsol.com\/raices\/wp-json\/wp\/v2\/comments?post=5275"}],"version-history":[{"count":2,"href":"https:\/\/inmohidroxsol.com\/raices\/wp-json\/wp\/v2\/pages\/5275\/revisions"}],"predecessor-version":[{"id":18759,"href":"https:\/\/inmohidroxsol.com\/raices\/wp-json\/wp\/v2\/pages\/5275\/revisions\/18759"}],"wp:attachment":[{"href":"https:\/\/inmohidroxsol.com\/raices\/wp-json\/wp\/v2\/media?parent=5275"}],"curies":[{"name":"wp","href":"https:\/\/api.w.org\/{rel}","templated":true}]}}